{"id":585,"date":"2024-09-01T03:25:29","date_gmt":"2024-09-01T03:25:29","guid":{"rendered":"https:\/\/thecalwest.com\/?page_id=585"},"modified":"2025-04-03T23:11:13","modified_gmt":"2025-04-03T23:11:13","slug":"ofrece","status":"publish","type":"page","link":"https:\/\/thecalwest.com\/es\/ofrece\/","title":{"rendered":"Ofertas"},"content":{"rendered":"<div data-elementor-type=\"wp-page\" data-elementor-id=\"585\" class=\"elementor elementor-585\" data-elementor-post-type=\"page\">\n\t\t\t\t<div class=\"elementor-element elementor-element-4b59cc1d e-con-full e-flex e-con e-parent\" data-id=\"4b59cc1d\" data-element_type=\"container\" data-settings=\"{&quot;background_background&quot;:&quot;classic&quot;}\">\n\t\t<div class=\"elementor-element elementor-element-1b8b139 e-grid e-con-boxed e-con e-child\" data-id=\"1b8b139\" data-element_type=\"container\" data-settings=\"{&quot;background_background&quot;:&quot;classic&quot;}\">\n\t\t\t\t\t<div class=\"e-con-inner\">\n\t\t\t\t<div class=\"elementor-element elementor-element-149eb67 elementor-widget__width-auto banner_title elementor-widget elementor-widget-heading\" data-id=\"149eb67\" data-element_type=\"widget\" data-widget_type=\"heading.default\">\n\t\t\t\t<div class=\"elementor-widget-container\">\n\t\t\t\t\t<h2 class=\"elementor-heading-title elementor-size-default\">Ofertas<\/h2>\t\t\t\t<\/div>\n\t\t\t\t<\/div>\n\t\t\t\t\t<\/div>\n\t\t\t\t<\/div>\n\t\t\t\t<div class=\"elementor-element elementor-element-cc256fc elementor-widget elementor-widget-spacer\" data-id=\"cc256fc\" data-element_type=\"widget\" data-widget_type=\"spacer.default\">\n\t\t\t\t<div class=\"elementor-widget-container\">\n\t\t\t\t\t\t\t<div class=\"elementor-spacer\">\n\t\t\t<div class=\"elementor-spacer-inner\"><\/div>\n\t\t<\/div>\n\t\t\t\t\t\t<\/div>\n\t\t\t\t<\/div>\n\t\t<div class=\"elementor-element elementor-element-6061c368 e-con-full e-flex e-con e-child\" data-id=\"6061c368\" data-element_type=\"container\" data-settings=\"{&quot;background_background&quot;:&quot;classic&quot;}\">\n\t\t<div class=\"elementor-element elementor-element-6ee7f532 e-con-full e-flex e-con e-child\" data-id=\"6ee7f532\" data-element_type=\"container\">\n\t\t\t\t<div class=\"elementor-element elementor-element-3e14c258 elementor-widget__width-initial elementor-widget elementor-widget-heading\" data-id=\"3e14c258\" data-element_type=\"widget\" data-widget_type=\"heading.default\">\n\t\t\t\t<div class=\"elementor-widget-container\">\n\t\t\t\t\t<h1 class=\"elementor-heading-title elementor-size-default\">Servicios el\u00e9ctricos y de climatizaci\u00f3n a precios competitivos<\/h1>\t\t\t\t<\/div>\n\t\t\t\t<\/div>\n\t\t\t\t<div class=\"elementor-element elementor-element-694baf3e elementor-widget elementor-widget-heading\" data-id=\"694baf3e\" data-element_type=\"widget\" data-widget_type=\"heading.default\">\n\t\t\t\t<div class=\"elementor-widget-container\">\n\t\t\t\t\t<span class=\"elementor-heading-title elementor-size-default\">CalWest se enorgullece de ofrecer servicios en todo el sur de California que son eficientes, de alta calidad, asequibles y adaptados a su presupuesto. Estamos encantados de ofrecer ofertas competitivas en servicios como la instalaci\u00f3n de paneles, recableado, y m\u00e1s para que pueda ahorrar dinero. Tambi\u00e9n ofrecemos descuentos a todos los primeros en responder, veteranos, personas mayores y maestros. Al programar nuestros servicios, aseg\u00farese de preguntar a un miembro de nuestro equipo acerca de nuestras ofertas exclusivas para que pueda ahorrar con nosotros hoy. Nuestro equipo experimentado y profesional se asegurar\u00e1 de que usted obtenga los mejores servicios sin romper el banco.\n<\/span>\t\t\t\t<\/div>\n\t\t\t\t<\/div>\n\t\t\t\t<\/div>\n\t\t<div class=\"elementor-element elementor-element-5e98adcb e-con-full e-flex e-con e-child\" data-id=\"5e98adcb\" data-element_type=\"container\">\n\t\t\t\t<div class=\"elementor-element elementor-element-22ba1522 elementor-widget elementor-widget-image\" data-id=\"22ba1522\" data-element_type=\"widget\" data-widget_type=\"image.default\">\n\t\t\t\t<div class=\"elementor-widget-container\">\n\t\t\t\t\t\t\t\t\t\t\t\t\t\t\t<img fetchpriority=\"high\" decoding=\"async\" width=\"1024\" height=\"745\" src=\"https:\/\/thecalwest.com\/wp-content\/uploads\/2025\/01\/image-3-e1736604859493.jpg\" class=\"attachment-large size-large wp-image-3823\" alt=\"\" srcset=\"https:\/\/thecalwest.com\/wp-content\/uploads\/2025\/01\/image-3-e1736604859493.jpg 1024w, https:\/\/thecalwest.com\/wp-content\/uploads\/2025\/01\/image-3-e1736604859493-500x364.jpg 500w, https:\/\/thecalwest.com\/wp-content\/uploads\/2025\/01\/image-3-e1736604859493-300x218.jpg 300w, https:\/\/thecalwest.com\/wp-content\/uploads\/2025\/01\/image-3-e1736604859493-768x559.jpg 768w, https:\/\/thecalwest.com\/wp-content\/uploads\/2025\/01\/image-3-e1736604859493-16x12.jpg 16w, https:\/\/thecalwest.com\/wp-content\/uploads\/2025\/01\/image-3-e1736604859493-600x437.jpg 600w\" sizes=\"(max-width: 1024px) 100vw, 1024px\" \/>\t\t\t\t\t\t\t\t\t\t\t\t\t\t\t<\/div>\n\t\t\t\t<\/div>\n\t\t\t\t<\/div>\n\t\t\t\t<\/div>\n\t\t<div class=\"elementor-element elementor-element-4113f327 e-flex e-con-boxed e-con e-child\" data-id=\"4113f327\" data-element_type=\"container\" data-settings=\"{&quot;background_background&quot;:&quot;classic&quot;}\">\n\t\t\t\t\t<div class=\"e-con-inner\">\n\t\t<div class=\"elementor-element elementor-element-75424cc7 e-con-full e-flex e-con e-child\" data-id=\"75424cc7\" data-element_type=\"container\" data-settings=\"{&quot;background_background&quot;:&quot;classic&quot;}\">\n\t\t\t\t<div class=\"elementor-element elementor-element-71ca2956 elementor-widget elementor-widget-heading\" data-id=\"71ca2956\" data-element_type=\"widget\" data-widget_type=\"heading.default\">\n\t\t\t\t<div class=\"elementor-widget-container\">\n\t\t\t\t\t<h1 class=\"elementor-heading-title elementor-size-default\">10% DE CUALQUIER TRABAJO\n<\/br>para primeros intervinientes, veteranos y personas mayores,\n<\/br>Profesores<\/h1>\t\t\t\t<\/div>\n\t\t\t\t<\/div>\n\t\t\t\t<div class=\"elementor-element elementor-element-5e4ce43b elementor-widget elementor-widget-text-editor\" data-id=\"5e4ce43b\" data-element_type=\"widget\" data-widget_type=\"text-editor.default\">\n\t\t\t\t<div class=\"elementor-widget-container\">\n\t\t\t\t\t\t\t\t\t<p><b>C\u00d3DIGO DE OFERTA = 10CARE<\/b><br \/>Conf\u00ede en los expertos de CalWest para su pr\u00f3ximo servicio el\u00e9ctrico o de climatizaci\u00f3n.\u00a0<br \/><em>*V\u00e1lido en servicios de $250 o m\u00e1s. Debe mencionar la oferta durante la estimaci\u00f3n o el momento del servicio. V\u00e1lido s\u00f3lo para nuevos clientes. No se puede combinar con otras ofertas.<\/em><\/p>\t\t\t\t\t\t\t\t<\/div>\n\t\t\t\t<\/div>\n\t\t\t\t<\/div>\n\t\t\t\t\t<\/div>\n\t\t\t\t<\/div>\n\t\t<div class=\"elementor-element elementor-element-41464d6 e-flex e-con-boxed e-con e-child\" data-id=\"41464d6\" data-element_type=\"container\">\n\t\t\t\t\t<div class=\"e-con-inner\">\n\t\t<div class=\"elementor-element elementor-element-dc0456e e-flex e-con-boxed e-con e-child\" data-id=\"dc0456e\" data-element_type=\"container\">\n\t\t\t\t\t<div class=\"e-con-inner\">\n\t\t\t\t<div class=\"elementor-element elementor-element-a6318e5 elementor-widget elementor-widget-html\" data-id=\"a6318e5\" data-element_type=\"widget\" data-widget_type=\"html.default\">\n\t\t\t\t<div class=\"elementor-widget-container\">\n\t\t\t\t\t<div id=\"diy_CSS\">\r\n        <div id=\"\" class=\"section blitz-item  text-dark\" style=\"\" data-index=\"32\"><div class=\"constraint center\"><div id=\"\" class=\"column blitz-item width-4 no-resize\" data-index=\"33\"><div data-index=\"34\" class=\"wrapper blitz-item  special text-dark orient-\"><h3>10% Apagado<\/h3><h4>Cualquier trabajo<\/h4><div class=\"description\"><p><strong>C\u00d3DIGO DE OFERTA = 10JOB<\/strong><\/p>\r\n            <p>El equipo profesional de CalWest est\u00e1 aqu\u00ed para satisfacer todas sus necesidades el\u00e9ctricas o de climatizaci\u00f3n.\r\n            <br\/>\r\n            Nota: Esta oferta no es v\u00e1lida para trabajos de actualizaci\u00f3n de paneles o recableado el\u00e9ctrico. <br\/><br\/><\/p><\/div><div class=\"specifications\"><p>*V\u00e1lido en servicios de $250 o m\u00e1s. Debe mencionar la oferta durante la estimaci\u00f3n o el momento del servicio. V\u00e1lido s\u00f3lo para nuevos clientes. No se puede combinar con otras ofertas.<\/p><\/div><\/div><\/div><div id=\"\" class=\"column blitz-item width-4 no-resize\" data-index=\"35\"><div data-index=\"36\" class=\"wrapper blitz-item  special text-dark orient-\"><h3>$25 Off<\/h3><h4>Cualquier trabajo<\/h4><div class=\"description\"><p><strong>C\u00d3DIGO DE OFERTA = 25JOB<\/strong><\/p>\r\n            <p>No importa el trabajo, CalWest est\u00e1 aqu\u00ed para proporcionar un servicio de calidad y precios asequibles.<\/p><\/div><div class=\"specifications\"><p>*V\u00e1lido en servicios de $250 o m\u00e1s. Debe mencionar la oferta durante la estimaci\u00f3n o el momento del servicio. V\u00e1lido s\u00f3lo para nuevos clientes. No se puede combinar con otras ofertas.<\/p><\/div><\/div><\/div><div id=\"\" class=\"column blitz-item width-4 no-resize\" data-index=\"37\"><div data-index=\"38\" class=\"wrapper blitz-item  special text-dark orient-\"><h3>$200 Apagado<\/h3><h4>Para proyectos<\/h4><div class=\"description\"><p><strong>C\u00d3DIGO DE OFERTA = 200PROJECT<\/strong><\/p>\r\n            <p>\u00bfTiene un gran proyecto de iluminaci\u00f3n, climatizaci\u00f3n, energ\u00eda o electricidad? H\u00e1galo al mejor precio con los profesionales de CalWest.<\/p><\/div><div class=\"specifications\"><p>*V\u00e1lido para servicios de $2500 o superiores. Debe mencionar la oferta durante la estimaci\u00f3n o el momento del servicio. V\u00e1lido s\u00f3lo para nuevos clientes. No se puede combinar con otras ofertas.<\/p><\/div><\/div><\/div><div id=\"\" class=\"column blitz-item width-4 no-resize\" data-index=\"39\"><div data-index=\"40\" class=\"wrapper blitz-item  special text-dark orient-\"><h3>Gratis<\/h3><h4>Inspecci\u00f3n de seguridad del hogar<\/h4><div class=\"description\"><p><strong>C\u00d3DIGO DE OFERTA = INSPECCIONAR<\/strong><\/p>\r\n            <p>Nuestros t\u00e9cnicos expertos realizar\u00e1n una inspecci\u00f3n exhaustiva junto con cualquier servicio.<\/p><\/div><div class=\"specifications\"><p>*V\u00e1lido en servicios de $250 o m\u00e1s. Debe mencionar la oferta durante la estimaci\u00f3n o el momento del servicio. V\u00e1lido s\u00f3lo para nuevos clientes. No se puede combinar con otras ofertas.<\/p><\/div><\/div><\/div><div id=\"\" class=\"column blitz-item width-4 no-resize\" data-index=\"41\"><div data-index=\"42\" class=\"wrapper blitz-item  special text-dark orient-\"><h3>$250 Off<\/h3><h4>Recableado el\u00e9ctrico dom\u00e9stico<\/h4><div class=\"description\"><p><strong>C\u00d3DIGO DE OFERTA = 250REWIRE<\/strong><\/p>\r\n            <p>Actualice el cableado el\u00e9ctrico de su hogar con los t\u00e9cnicos de alta calidad de CalWest Electric.<\/p><\/div><div class=\"specifications\"><p>*V\u00e1lido en servicios de $250 o m\u00e1s. Debe mencionar la oferta durante la estimaci\u00f3n o el momento del servicio. V\u00e1lido s\u00f3lo para nuevos clientes. No se puede combinar con otras ofertas.<\/p><\/div><\/div><\/div><div id=\"\" class=\"column blitz-item width-4 no-resize\" data-index=\"43\"><div data-index=\"44\" class=\"wrapper blitz-item  special text-dark orient-\"><h3>$50 Off<\/h3><h4>Instalaci\u00f3n de protectores contra sobretensiones<\/h4><div class=\"description\"><p><strong>C\u00d3DIGO DE OFERTA = 50SURGE<\/strong><\/p>\r\n            <p>Nota: esta oferta es v\u00e1lida con la instalaci\u00f3n de Panel Upgrade o cualquier otro servicio. Proteja su hogar y sus electrodom\u00e9sticos con servicios que duran.<\/p><\/div><div class=\"specifications\"><p>*V\u00e1lido en servicios de $250 o m\u00e1s. Debe mencionar la oferta durante la estimaci\u00f3n o el momento del servicio. V\u00e1lido s\u00f3lo para nuevos clientes. No se puede combinar con otras ofertas.<\/p><\/div><\/div><\/div><\/div><\/div>\r\n    <\/div>\t\t\t\t<\/div>\n\t\t\t\t<\/div>\n\t\t\t\t\t<\/div>\n\t\t\t\t<\/div>\n\t\t\t\t\t<\/div>\n\t\t\t\t<\/div>\n\t\t\t\t<\/div>\n\t\t\t\t<\/div>","protected":false},"excerpt":{"rendered":"<p>Offers Electrical and HVAC Services at Competitive Prices CalWest takes pride in providing services across Southern California that are efficient, high-quality, affordable, and tailored to your budget. We\u2019re happy to offer competitive deals on services like panel installation, rewiring, and more so you can save money. We also offer discounts to all first responders, veterans, [&hellip;]<\/p>","protected":false},"author":1,"featured_media":0,"parent":0,"menu_order":0,"comment_status":"closed","ping_status":"closed","template":"elementor_header_footer","meta":{"footnotes":""},"class_list":["post-585","page","type-page","status-publish","hentry"],"jetpack_sharing_enabled":true,"_links":{"self":[{"href":"https:\/\/thecalwest.com\/es\/wp-json\/wp\/v2\/pages\/585"}],"collection":[{"href":"https:\/\/thecalwest.com\/es\/wp-json\/wp\/v2\/pages"}],"about":[{"href":"https:\/\/thecalwest.com\/es\/wp-json\/wp\/v2\/types\/page"}],"author":[{"embeddable":true,"href":"https:\/\/thecalwest.com\/es\/wp-json\/wp\/v2\/users\/1"}],"replies":[{"embeddable":true,"href":"https:\/\/thecalwest.com\/es\/wp-json\/wp\/v2\/comments?post=585"}],"version-history":[{"count":61,"href":"https:\/\/thecalwest.com\/es\/wp-json\/wp\/v2\/pages\/585\/revisions"}],"predecessor-version":[{"id":4643,"href":"https:\/\/thecalwest.com\/es\/wp-json\/wp\/v2\/pages\/585\/revisions\/4643"}],"wp:attachment":[{"href":"https:\/\/thecalwest.com\/es\/wp-json\/wp\/v2\/media?parent=585"}],"curies":[{"name":"wp","href":"https:\/\/api.w.org\/{rel}","templated":true}]}}