{"id":568,"date":"2024-09-01T03:19:09","date_gmt":"2024-09-01T03:19:09","guid":{"rendered":"https:\/\/thecalwest.com\/?page_id=568"},"modified":"2025-02-27T19:32:57","modified_gmt":"2025-02-27T19:32:57","slug":"proyectos","status":"publish","type":"page","link":"https:\/\/thecalwest.com\/es\/proyectos\/","title":{"rendered":"Proyectos"},"content":{"rendered":"<div data-elementor-type=\"wp-page\" data-elementor-id=\"568\" class=\"elementor elementor-568\" data-elementor-post-type=\"page\">\n\t\t\t\t<div class=\"elementor-element elementor-element-45cd46f7 e-con-full e-flex e-con e-parent\" data-id=\"45cd46f7\" data-element_type=\"container\" data-settings=\"{&quot;background_background&quot;:&quot;classic&quot;}\">\n\t\t<div class=\"elementor-element elementor-element-741ffab e-grid e-con-boxed e-con e-child\" data-id=\"741ffab\" data-element_type=\"container\" data-settings=\"{&quot;background_background&quot;:&quot;classic&quot;}\">\n\t\t\t\t\t<div class=\"e-con-inner\">\n\t\t\t\t<div class=\"elementor-element elementor-element-1c9e4e70 elementor-widget__width-auto banner_title elementor-widget elementor-widget-heading\" data-id=\"1c9e4e70\" data-element_type=\"widget\" data-widget_type=\"heading.default\">\n\t\t\t\t<div class=\"elementor-widget-container\">\n\t\t\t\t\t<h2 class=\"elementor-heading-title elementor-size-default\">PROYECTOS<\/h2>\t\t\t\t<\/div>\n\t\t\t\t<\/div>\n\t\t\t\t\t<\/div>\n\t\t\t\t<\/div>\n\t\t\t\t<div class=\"elementor-element elementor-element-5adeaad elementor-widget elementor-widget-spacer\" data-id=\"5adeaad\" data-element_type=\"widget\" data-widget_type=\"spacer.default\">\n\t\t\t\t<div class=\"elementor-widget-container\">\n\t\t\t\t\t\t\t<div class=\"elementor-spacer\">\n\t\t\t<div class=\"elementor-spacer-inner\"><\/div>\n\t\t<\/div>\n\t\t\t\t\t\t<\/div>\n\t\t\t\t<\/div>\n\t\t\t\t<\/div>\n\t\t<div class=\"elementor-element elementor-element-f92d614 e-flex e-con-boxed e-con e-parent\" data-id=\"f92d614\" data-element_type=\"container\">\n\t\t\t\t\t<div class=\"e-con-inner\">\n\t\t<div class=\"elementor-element elementor-element-3cf0c679 e-con-full e-flex e-con e-child\" data-id=\"3cf0c679\" data-element_type=\"container\" data-settings=\"{&quot;background_background&quot;:&quot;classic&quot;}\">\n\t\t<div class=\"elementor-element elementor-element-2475b43 e-con-full e-flex e-con e-child\" data-id=\"2475b43\" data-element_type=\"container\">\n\t\t\t\t<div class=\"elementor-element elementor-element-462c6516 elementor-widget elementor-widget-heading\" data-id=\"462c6516\" data-element_type=\"widget\" data-widget_type=\"heading.default\">\n\t\t\t\t<div class=\"elementor-widget-container\">\n\t\t\t\t\t<h1 class=\"elementor-heading-title elementor-size-default\">Soluciones para grandes proyectos<\/h1>\t\t\t\t<\/div>\n\t\t\t\t<\/div>\n\t\t\t\t<div class=\"elementor-element elementor-element-4fd860aa elementor-widget elementor-widget-heading\" data-id=\"4fd860aa\" data-element_type=\"widget\" data-widget_type=\"heading.default\">\n\t\t\t\t<div class=\"elementor-widget-container\">\n\t\t\t\t\t<span class=\"elementor-heading-title elementor-size-default\">En CalWest, aportamos m\u00e1s de 30 a\u00f1os de experiencia y servicio de calidad a cada proyecto que emprendemos. Nuestro equipo de t\u00e9cnicos se dedica a ofrecer soluciones el\u00e9ctricas y de calefacci\u00f3n, ventilaci\u00f3n y aire acondicionado excepcionales y a precios competitivos, adaptadas a sus necesidades espec\u00edficas. Con m\u00e1s de 50.000 proyectos completados en el sur de California, CalWest sigue siendo un socio de confianza para las agencias gubernamentales, el sector p\u00fablico, propiedades comerciales, centros comerciales, cadenas de tiendas, apartamentos y comunidades residenciales. \n<br \/><br \/>\nTambi\u00e9n estamos bien equipados con herramientas de \u00faltima generaci\u00f3n, incluidos veh\u00edculos de servicio dedicados con capacidades de elevaci\u00f3n a\u00e9rea de 55 y 65 pies, lo que nos permite realizar eficazmente operaciones a gran altura en exteriores. Nuestro almac\u00e9n de 5.000 pies cuadrados, abastecido con una gran variedad de piezas, garantiza que podamos satisfacer r\u00e1pidamente las necesidades de nuestros clientes. Tanto si se trata de un proyecto comercial a gran escala como de una mejora residencial, CalWest cuenta con las habilidades, la experiencia y las herramientas para hacer realidad su proyecto. P\u00f3ngase en contacto con nosotros hoy mismo para empezar a construir su pr\u00f3ximo gran proyecto.\n<\/span>\t\t\t\t<\/div>\n\t\t\t\t<\/div>\n\t\t\t\t<div class=\"elementor-element elementor-element-28f9ec3b elementor-widget elementor-widget-button\" data-id=\"28f9ec3b\" data-element_type=\"widget\" data-widget_type=\"button.default\">\n\t\t\t\t<div class=\"elementor-widget-container\">\n\t\t\t\t\t\t\t\t\t<div class=\"elementor-button-wrapper\">\n\t\t\t\t\t<a class=\"elementor-button elementor-button-link elementor-size-sm\" href=\"https:\/\/thecalwest.com\/schedule-service\/\">\n\t\t\t\t\t\t<span class=\"elementor-button-content-wrapper\">\n\t\t\t\t\t\t<span class=\"elementor-button-icon\">\n\t\t\t\t<svg aria-hidden=\"true\" class=\"e-font-icon-svg e-fas-caret-right\" viewbox=\"0 0 192 512\" xmlns=\"http:\/\/www.w3.org\/2000\/svg\"><path d=\"M0 384.662V127.338c0-17.818 21.543-26.741 34.142-14.142l128.662 128.662c7.81 7.81 7.81 20.474 0 28.284L34.142 398.804C21.543 411.404 0 402.48 0 384.662z\"><\/path><\/svg>\t\t\t<\/span>\n\t\t\t\t\t\t\t\t\t<span class=\"elementor-button-text\">PROGRAMAR SERVICIO<\/span>\n\t\t\t\t\t<\/span>\n\t\t\t\t\t<\/a>\n\t\t\t\t<\/div>\n\t\t\t\t\t\t\t\t<\/div>\n\t\t\t\t<\/div>\n\t\t\t\t<\/div>\n\t\t<div class=\"elementor-element elementor-element-4ce72749 e-con-full e-flex e-con e-child\" data-id=\"4ce72749\" data-element_type=\"container\">\n\t\t\t\t<div class=\"elementor-element elementor-element-5856a24d elementor-widget elementor-widget-image\" data-id=\"5856a24d\" data-element_type=\"widget\" data-widget_type=\"image.default\">\n\t\t\t\t<div class=\"elementor-widget-container\">\n\t\t\t\t\t\t\t\t\t\t\t\t\t\t\t<img fetchpriority=\"high\" decoding=\"async\" width=\"898\" height=\"569\" src=\"https:\/\/thecalwest.com\/wp-content\/uploads\/2025\/02\/2022.9.15-Tesla-Hayvenhurst-Ave-Van-Nuys-CA-WO-2786155-1-1.jpg\" class=\"attachment-large size-large wp-image-4278\" alt=\"\" srcset=\"https:\/\/thecalwest.com\/wp-content\/uploads\/2025\/02\/2022.9.15-Tesla-Hayvenhurst-Ave-Van-Nuys-CA-WO-2786155-1-1.jpg 898w, https:\/\/thecalwest.com\/wp-content\/uploads\/2025\/02\/2022.9.15-Tesla-Hayvenhurst-Ave-Van-Nuys-CA-WO-2786155-1-1-500x317.jpg 500w, https:\/\/thecalwest.com\/wp-content\/uploads\/2025\/02\/2022.9.15-Tesla-Hayvenhurst-Ave-Van-Nuys-CA-WO-2786155-1-1-300x190.jpg 300w, https:\/\/thecalwest.com\/wp-content\/uploads\/2025\/02\/2022.9.15-Tesla-Hayvenhurst-Ave-Van-Nuys-CA-WO-2786155-1-1-768x487.jpg 768w, https:\/\/thecalwest.com\/wp-content\/uploads\/2025\/02\/2022.9.15-Tesla-Hayvenhurst-Ave-Van-Nuys-CA-WO-2786155-1-1-18x12.jpg 18w, https:\/\/thecalwest.com\/wp-content\/uploads\/2025\/02\/2022.9.15-Tesla-Hayvenhurst-Ave-Van-Nuys-CA-WO-2786155-1-1-600x380.jpg 600w\" sizes=\"(max-width: 898px) 100vw, 898px\" \/>\t\t\t\t\t\t\t\t\t\t\t\t\t\t\t<\/div>\n\t\t\t\t<\/div>\n\t\t\t\t<\/div>\n\t\t\t\t<\/div>\n\t\t\t\t\t<\/div>\n\t\t\t\t<\/div>\n\t\t\t\t<\/div>","protected":false},"excerpt":{"rendered":"<p>\u5b89\u6170\u82cf\u4e1c\u5761\u5c31\u7231\u4e0a\u4e86\u52a8\u529b\u8f6c\u5411\u67b6\uff0cc.jsakldj\u626b\u5730\u673a\u6848\u4f8b\u963f\u65af\u8fbe\u514b\u62c9\u5347\u9636\u6bb5\u5361\u62c9\u7701\u7684\u963f\u65af\u987f\u963f\u4e09\u963f\u65af\u987f\u963f\u4e09\u5927\u5927\u53cc <\/p>","protected":false},"author":1,"featured_media":0,"parent":0,"menu_order":0,"comment_status":"closed","ping_status":"closed","template":"elementor_header_footer","meta":{"footnotes":""},"class_list":["post-568","page","type-page","status-publish","hentry"],"jetpack_sharing_enabled":true,"_links":{"self":[{"href":"https:\/\/thecalwest.com\/es\/wp-json\/wp\/v2\/pages\/568"}],"collection":[{"href":"https:\/\/thecalwest.com\/es\/wp-json\/wp\/v2\/pages"}],"about":[{"href":"https:\/\/thecalwest.com\/es\/wp-json\/wp\/v2\/types\/page"}],"author":[{"embeddable":true,"href":"https:\/\/thecalwest.com\/es\/wp-json\/wp\/v2\/users\/1"}],"replies":[{"embeddable":true,"href":"https:\/\/thecalwest.com\/es\/wp-json\/wp\/v2\/comments?post=568"}],"version-history":[{"count":65,"href":"https:\/\/thecalwest.com\/es\/wp-json\/wp\/v2\/pages\/568\/revisions"}],"predecessor-version":[{"id":4523,"href":"https:\/\/thecalwest.com\/es\/wp-json\/wp\/v2\/pages\/568\/revisions\/4523"}],"wp:attachment":[{"href":"https:\/\/thecalwest.com\/es\/wp-json\/wp\/v2\/media?parent=568"}],"curies":[{"name":"wp","href":"https:\/\/api.w.org\/{rel}","templated":true}]}}