{"id":460,"date":"2024-08-31T10:17:27","date_gmt":"2024-08-31T10:17:27","guid":{"rendered":"https:\/\/thecalwest.com\/about\/"},"modified":"2025-07-28T19:02:45","modified_gmt":"2025-07-28T19:02:45","slug":"acerca-de","status":"publish","type":"page","link":"https:\/\/thecalwest.com\/es\/acerca-de\/","title":{"rendered":"Acerca de"},"content":{"rendered":"<div data-elementor-type=\"wp-page\" data-elementor-id=\"460\" class=\"elementor elementor-460\" data-elementor-post-type=\"page\">\n\t\t\t\t<div class=\"elementor-element elementor-element-23eafd6 e-con-full e-flex e-con e-parent\" data-id=\"23eafd6\" data-element_type=\"container\" data-settings=\"{&quot;background_background&quot;:&quot;classic&quot;}\">\n\t\t<div class=\"elementor-element elementor-element-8642e31 e-grid e-con-boxed e-con e-child\" data-id=\"8642e31\" data-element_type=\"container\" data-settings=\"{&quot;background_background&quot;:&quot;classic&quot;}\">\n\t\t\t\t\t<div class=\"e-con-inner\">\n\t\t\t\t<div class=\"elementor-element elementor-element-a9cec86 elementor-widget__width-auto banner_title elementor-widget elementor-widget-heading\" data-id=\"a9cec86\" data-element_type=\"widget\" data-widget_type=\"heading.default\">\n\t\t\t\t<div class=\"elementor-widget-container\">\n\t\t\t\t\t<h2 class=\"elementor-heading-title elementor-size-default\">Qui\u00e9nes somos<\/h2>\t\t\t\t<\/div>\n\t\t\t\t<\/div>\n\t\t\t\t\t<\/div>\n\t\t\t\t<\/div>\n\t\t\t\t<div class=\"elementor-element elementor-element-b5b1fd5 elementor-widget elementor-widget-spacer\" data-id=\"b5b1fd5\" data-element_type=\"widget\" data-widget_type=\"spacer.default\">\n\t\t\t\t<div class=\"elementor-widget-container\">\n\t\t\t\t\t\t\t<div class=\"elementor-spacer\">\n\t\t\t<div class=\"elementor-spacer-inner\"><\/div>\n\t\t<\/div>\n\t\t\t\t\t\t<\/div>\n\t\t\t\t<\/div>\n\t\t<div class=\"elementor-element elementor-element-b65c34f e-con-full e-flex e-con e-child\" data-id=\"b65c34f\" data-element_type=\"container\" data-settings=\"{&quot;background_background&quot;:&quot;classic&quot;}\">\n\t\t<div class=\"elementor-element elementor-element-e140315 e-con-full e-flex e-con e-child\" data-id=\"e140315\" data-element_type=\"container\">\n\t\t\t\t<div class=\"elementor-element elementor-element-aa827b1 elementor-widget elementor-widget-heading\" data-id=\"aa827b1\" data-element_type=\"widget\" data-widget_type=\"heading.default\">\n\t\t\t\t<div class=\"elementor-widget-container\">\n\t\t\t\t\t<h1 class=\"elementor-heading-title elementor-size-default\">CalWest - Su socio el\u00e9ctrico y de climatizaci\u00f3n de confianza en el condado de Los \u00c1ngeles y el condado de Orange <\/h1>\t\t\t\t<\/div>\n\t\t\t\t<\/div>\n\t\t\t\t<div class=\"elementor-element elementor-element-97cba91 elementor-widget elementor-widget-heading\" data-id=\"97cba91\" data-element_type=\"widget\" data-widget_type=\"heading.default\">\n\t\t\t\t<div class=\"elementor-widget-container\">\n\t\t\t\t\t<span class=\"elementor-heading-title elementor-size-default\">Somos CalWest Lighting Services, Inc, un contratista el\u00e9ctrico con licencia, fianza y seguro con m\u00e1s de 30 a\u00f1os de experiencia. Fundada por la Sra. Lucy Garc\u00eda en 1995, nuestra empresa se especializa en iluminaci\u00f3n comercial, industrial y residencial, se\u00f1alizaci\u00f3n, paneles el\u00e9ctricos y cableado. Durante las \u00faltimas tres d\u00e9cadas, hemos completado con \u00e9xito miles de proyectos, sirviendo a cientos de clientes en el sur de California. Nuestra reputaci\u00f3n de ofrecer servicios r\u00e1pidos, de alta calidad y a precios competitivos nos ha convertido en un socio de confianza para las agencias gubernamentales, el sector p\u00fablico, propiedades comerciales, centros comerciales, cadenas de tiendas, apartamentos y comunidades residenciales dentro de un radio de 50 millas.\n<\/span>\t\t\t\t<\/div>\n\t\t\t\t<\/div>\n\t\t\t\t<\/div>\n\t\t<div class=\"elementor-element elementor-element-1a8db24 e-con-full e-flex e-con e-child\" data-id=\"1a8db24\" data-element_type=\"container\">\n\t\t\t\t<div class=\"elementor-element elementor-element-522fcee elementor-widget elementor-widget-image\" data-id=\"522fcee\" data-element_type=\"widget\" data-widget_type=\"image.default\">\n\t\t\t\t<div class=\"elementor-widget-container\">\n\t\t\t\t\t\t\t\t\t\t\t\t\t\t\t<img fetchpriority=\"high\" decoding=\"async\" width=\"692\" height=\"603\" src=\"https:\/\/thecalwest.com\/wp-content\/uploads\/2025\/03\/image.png\" class=\"attachment-large size-large wp-image-4537\" alt=\"\" srcset=\"https:\/\/thecalwest.com\/wp-content\/uploads\/2025\/03\/image.png 692w, https:\/\/thecalwest.com\/wp-content\/uploads\/2025\/03\/image-500x436.png 500w, https:\/\/thecalwest.com\/wp-content\/uploads\/2025\/03\/image-300x261.png 300w, https:\/\/thecalwest.com\/wp-content\/uploads\/2025\/03\/image-14x12.png 14w, https:\/\/thecalwest.com\/wp-content\/uploads\/2025\/03\/image-600x523.png 600w\" sizes=\"(max-width: 692px) 100vw, 692px\" \/>\t\t\t\t\t\t\t\t\t\t\t\t\t\t\t<\/div>\n\t\t\t\t<\/div>\n\t\t\t\t<\/div>\n\t\t\t\t<\/div>\n\t\t\t\t<div class=\"elementor-element elementor-element-42bbc81 elementor-widget elementor-widget-spacer\" data-id=\"42bbc81\" data-element_type=\"widget\" data-widget_type=\"spacer.default\">\n\t\t\t\t<div class=\"elementor-widget-container\">\n\t\t\t\t\t\t\t<div class=\"elementor-spacer\">\n\t\t\t<div class=\"elementor-spacer-inner\"><\/div>\n\t\t<\/div>\n\t\t\t\t\t\t<\/div>\n\t\t\t\t<\/div>\n\t\t\t\t<\/div>\n\t\t<div class=\"elementor-element elementor-element-fb7023a e-con-full e-flex e-con e-child\" data-id=\"fb7023a\" data-element_type=\"container\" data-settings=\"{&quot;background_background&quot;:&quot;classic&quot;}\">\n\t\t<div class=\"elementor-element elementor-element-7b5377a e-con-full e-flex e-con e-child\" data-id=\"7b5377a\" data-element_type=\"container\">\n\t\t\t\t<div class=\"elementor-element elementor-element-a56d05a elementor-widget elementor-widget-image\" data-id=\"a56d05a\" data-element_type=\"widget\" data-widget_type=\"image.default\">\n\t\t\t\t<div class=\"elementor-widget-container\">\n\t\t\t\t\t\t\t\t\t\t\t\t\t\t\t<img decoding=\"async\" width=\"1200\" height=\"800\" src=\"https:\/\/thecalwest.com\/wp-content\/uploads\/2025\/02\/pexels-diohasbi-3280130-1200x800.jpg\" class=\"attachment-large size-large wp-image-4262\" alt=\"\" srcset=\"https:\/\/thecalwest.com\/wp-content\/uploads\/2025\/02\/pexels-diohasbi-3280130-1200x800.jpg 1200w, https:\/\/thecalwest.com\/wp-content\/uploads\/2025\/02\/pexels-diohasbi-3280130-500x333.jpg 500w, https:\/\/thecalwest.com\/wp-content\/uploads\/2025\/02\/pexels-diohasbi-3280130-300x200.jpg 300w, https:\/\/thecalwest.com\/wp-content\/uploads\/2025\/02\/pexels-diohasbi-3280130-768x512.jpg 768w, https:\/\/thecalwest.com\/wp-content\/uploads\/2025\/02\/pexels-diohasbi-3280130-1536x1024.jpg 1536w, https:\/\/thecalwest.com\/wp-content\/uploads\/2025\/02\/pexels-diohasbi-3280130-2048x1365.jpg 2048w, https:\/\/thecalwest.com\/wp-content\/uploads\/2025\/02\/pexels-diohasbi-3280130-18x12.jpg 18w, https:\/\/thecalwest.com\/wp-content\/uploads\/2025\/02\/pexels-diohasbi-3280130-600x400.jpg 600w\" sizes=\"(max-width: 1200px) 100vw, 1200px\" \/>\t\t\t\t\t\t\t\t\t\t\t\t\t\t\t<\/div>\n\t\t\t\t<\/div>\n\t\t\t\t<\/div>\n\t\t<div class=\"elementor-element elementor-element-18899d6 e-con-full e-flex e-con e-child\" data-id=\"18899d6\" data-element_type=\"container\">\n\t\t\t\t<div class=\"elementor-element elementor-element-8145cbd elementor-widget elementor-widget-heading\" data-id=\"8145cbd\" data-element_type=\"widget\" data-widget_type=\"heading.default\">\n\t\t\t\t<div class=\"elementor-widget-container\">\n\t\t\t\t\t<h1 class=\"elementor-heading-title elementor-size-default\">CalWest - Diversidad, equidad y comercio justo<\/h1>\t\t\t\t<\/div>\n\t\t\t\t<\/div>\n\t\t\t\t<div class=\"elementor-element elementor-element-b82178f elementor-widget elementor-widget-heading\" data-id=\"b82178f\" data-element_type=\"widget\" data-widget_type=\"heading.default\">\n\t\t\t\t<div class=\"elementor-widget-container\">\n\t\t\t\t\t<span class=\"elementor-heading-title elementor-size-default\">Como Peque\u00f1a Empresa Certificada (SBE), CalWest Lighting Services, Inc. es un modelo a seguir dentro de estas comunidades, promoviendo la diversidad y contribuyendo a una sociedad m\u00e1s equitativa. El trabajo duro y la dedicaci\u00f3n de nuestro equipo nos han convertido en un punto de referencia para las empresas propiedad de minor\u00edas, influyendo positivamente en la comunidad y abogando por pr\u00e1cticas empresariales justas.<\/span>\t\t\t\t<\/div>\n\t\t\t\t<\/div>\n\t\t\t\t<\/div>\n\t\t\t\t<\/div>\n\t\t<div class=\"elementor-element elementor-element-1a0826d e-con-full e-flex e-con e-parent\" data-id=\"1a0826d\" data-element_type=\"container\" data-settings=\"{&quot;background_background&quot;:&quot;classic&quot;}\">\n\t\t\t\t<div class=\"elementor-element elementor-element-c69da26 elementor-widget elementor-widget-spacer\" data-id=\"c69da26\" data-element_type=\"widget\" data-widget_type=\"spacer.default\">\n\t\t\t\t<div class=\"elementor-widget-container\">\n\t\t\t\t\t\t\t<div class=\"elementor-spacer\">\n\t\t\t<div class=\"elementor-spacer-inner\"><\/div>\n\t\t<\/div>\n\t\t\t\t\t\t<\/div>\n\t\t\t\t<\/div>\n\t\t<div class=\"elementor-element elementor-element-b23ce78 e-con-full e-flex e-con e-child\" data-id=\"b23ce78\" data-element_type=\"container\" data-settings=\"{&quot;background_background&quot;:&quot;classic&quot;}\">\n\t\t<div class=\"elementor-element elementor-element-1416300 e-con-full e-flex e-con e-child\" data-id=\"1416300\" data-element_type=\"container\">\n\t\t\t\t<div class=\"elementor-element elementor-element-a5a9da8 elementor-widget elementor-widget-heading\" data-id=\"a5a9da8\" data-element_type=\"widget\" data-widget_type=\"heading.default\">\n\t\t\t\t<div class=\"elementor-widget-container\">\n\t\t\t\t\t<h1 class=\"elementor-heading-title elementor-size-default\">Equipado para cualquier tarea<\/h1>\t\t\t\t<\/div>\n\t\t\t\t<\/div>\n\t\t\t\t<div class=\"elementor-element elementor-element-47a28b1 elementor-widget elementor-widget-heading\" data-id=\"47a28b1\" data-element_type=\"widget\" data-widget_type=\"heading.default\">\n\t\t\t\t<div class=\"elementor-widget-container\">\n\t\t\t\t\t<span class=\"elementor-heading-title elementor-size-default\">Actualmente, nuestro equipo altamente cualificado est\u00e1 equipado con veh\u00edculos de servicio dedicados, junto con camiones especializados con capacidad de elevaci\u00f3n a\u00e9rea. Esto nos permite realizar eficazmente operaciones en exteriores a gran altitud con precios competitivos. Para apoyar nuestros servicios, mantenemos un almac\u00e9n de 5.000 pies cuadrados con miles de piezas y suministros, lo que garantiza que podamos satisfacer r\u00e1pidamente las necesidades de nuestros clientes.\n<br><br>\nNuestros puntos fuertes son:\n<br>\n<li><b><u>Equipo experimentado:<\/u><\/b> Nuestro equipo de t\u00e9cnicos altamente cualificados est\u00e1 equipado con herramientas y equipos de \u00faltima generaci\u00f3n, incluidos un cami\u00f3n cubo y un elevador a\u00e9reo.<\/li>\n<li><b><u>Amplio inventario:<\/u><\/b> Nuestro almac\u00e9n de 5.000 pies cuadrados alberga una amplia gama de piezas, lo que garantiza un servicio r\u00e1pido y un tiempo de inactividad m\u00ednimo.<\/li>\n<li><b><u>Compromiso con la calidad:<\/u><\/b> Nos dedicamos a proporcionar a nuestros clientes la m\u00e1s alta calidad de servicio y mano de obra.<\/li><\/span>\t\t\t\t<\/div>\n\t\t\t\t<\/div>\n\t\t\t\t<\/div>\n\t\t<div class=\"elementor-element elementor-element-4a61e62 e-con-full e-flex e-con e-child\" data-id=\"4a61e62\" data-element_type=\"container\">\n\t\t\t\t<div class=\"elementor-element elementor-element-de81bc8 elementor-widget elementor-widget-image\" data-id=\"de81bc8\" data-element_type=\"widget\" data-widget_type=\"image.default\">\n\t\t\t\t<div class=\"elementor-widget-container\">\n\t\t\t\t\t\t\t\t\t\t\t\t\t\t\t<img decoding=\"async\" width=\"1200\" height=\"900\" src=\"https:\/\/thecalwest.com\/wp-content\/uploads\/2025\/02\/IMG_6207-1200x900.jpg\" class=\"attachment-large size-large wp-image-4257\" alt=\"\" srcset=\"https:\/\/thecalwest.com\/wp-content\/uploads\/2025\/02\/IMG_6207-1200x900.jpg 1200w, https:\/\/thecalwest.com\/wp-content\/uploads\/2025\/02\/IMG_6207-500x375.jpg 500w, https:\/\/thecalwest.com\/wp-content\/uploads\/2025\/02\/IMG_6207-300x225.jpg 300w, https:\/\/thecalwest.com\/wp-content\/uploads\/2025\/02\/IMG_6207-768x576.jpg 768w, https:\/\/thecalwest.com\/wp-content\/uploads\/2025\/02\/IMG_6207-1536x1152.jpg 1536w, https:\/\/thecalwest.com\/wp-content\/uploads\/2025\/02\/IMG_6207-2048x1536.jpg 2048w, https:\/\/thecalwest.com\/wp-content\/uploads\/2025\/02\/IMG_6207-16x12.jpg 16w, https:\/\/thecalwest.com\/wp-content\/uploads\/2025\/02\/IMG_6207-600x450.jpg 600w\" sizes=\"(max-width: 1200px) 100vw, 1200px\" \/>\t\t\t\t\t\t\t\t\t\t\t\t\t\t\t<\/div>\n\t\t\t\t<\/div>\n\t\t\t\t<\/div>\n\t\t\t\t<\/div>\n\t\t\t\t<div class=\"elementor-element elementor-element-c3cc5f4 elementor-widget elementor-widget-spacer\" data-id=\"c3cc5f4\" data-element_type=\"widget\" data-widget_type=\"spacer.default\">\n\t\t\t\t<div class=\"elementor-widget-container\">\n\t\t\t\t\t\t\t<div class=\"elementor-spacer\">\n\t\t\t<div class=\"elementor-spacer-inner\"><\/div>\n\t\t<\/div>\n\t\t\t\t\t\t<\/div>\n\t\t\t\t<\/div>\n\t\t\t\t<\/div>\n\t\t<div class=\"elementor-element elementor-element-6c494ce e-con-full e-flex e-con e-child\" data-id=\"6c494ce\" data-element_type=\"container\" data-settings=\"{&quot;background_background&quot;:&quot;classic&quot;}\">\n\t\t<div class=\"elementor-element elementor-element-793f0a8 e-con-full e-flex e-con e-child\" data-id=\"793f0a8\" data-element_type=\"container\">\n\t\t\t\t<div class=\"elementor-element elementor-element-9d0eb1a elementor-widget elementor-widget-image\" data-id=\"9d0eb1a\" data-element_type=\"widget\" data-widget_type=\"image.default\">\n\t\t\t\t<div class=\"elementor-widget-container\">\n\t\t\t\t\t\t\t\t\t\t\t\t\t\t\t<img loading=\"lazy\" decoding=\"async\" width=\"1200\" height=\"900\" src=\"https:\/\/thecalwest.com\/wp-content\/uploads\/2025\/02\/2022.4.25-26-Diamond-Bar-High-School-Pathfinder-Rd-Diamond-Bar-CA-WO-23004708-21.jpg\" class=\"attachment-large size-large wp-image-4268\" alt=\"\" srcset=\"https:\/\/thecalwest.com\/wp-content\/uploads\/2025\/02\/2022.4.25-26-Diamond-Bar-High-School-Pathfinder-Rd-Diamond-Bar-CA-WO-23004708-21.jpg 1200w, https:\/\/thecalwest.com\/wp-content\/uploads\/2025\/02\/2022.4.25-26-Diamond-Bar-High-School-Pathfinder-Rd-Diamond-Bar-CA-WO-23004708-21-500x375.jpg 500w, https:\/\/thecalwest.com\/wp-content\/uploads\/2025\/02\/2022.4.25-26-Diamond-Bar-High-School-Pathfinder-Rd-Diamond-Bar-CA-WO-23004708-21-300x225.jpg 300w, https:\/\/thecalwest.com\/wp-content\/uploads\/2025\/02\/2022.4.25-26-Diamond-Bar-High-School-Pathfinder-Rd-Diamond-Bar-CA-WO-23004708-21-768x576.jpg 768w, https:\/\/thecalwest.com\/wp-content\/uploads\/2025\/02\/2022.4.25-26-Diamond-Bar-High-School-Pathfinder-Rd-Diamond-Bar-CA-WO-23004708-21-16x12.jpg 16w, https:\/\/thecalwest.com\/wp-content\/uploads\/2025\/02\/2022.4.25-26-Diamond-Bar-High-School-Pathfinder-Rd-Diamond-Bar-CA-WO-23004708-21-600x450.jpg 600w\" sizes=\"(max-width: 1200px) 100vw, 1200px\" \/>\t\t\t\t\t\t\t\t\t\t\t\t\t\t\t<\/div>\n\t\t\t\t<\/div>\n\t\t\t\t<\/div>\n\t\t<div class=\"elementor-element elementor-element-69c8a22 e-con-full e-flex e-con e-child\" data-id=\"69c8a22\" data-element_type=\"container\">\n\t\t\t\t<div class=\"elementor-element elementor-element-baa3e59 elementor-widget elementor-widget-heading\" data-id=\"baa3e59\" data-element_type=\"widget\" data-widget_type=\"heading.default\">\n\t\t\t\t<div class=\"elementor-widget-container\">\n\t\t\t\t\t<h1 class=\"elementor-heading-title elementor-size-default\">Nuestros servicios integrales<\/h1>\t\t\t\t<\/div>\n\t\t\t\t<\/div>\n\t\t\t\t<div class=\"elementor-element elementor-element-5e81cd4 elementor-widget elementor-widget-heading\" data-id=\"5e81cd4\" data-element_type=\"widget\" data-widget_type=\"heading.default\">\n\t\t\t\t<div class=\"elementor-widget-container\">\n\t\t\t\t\t<span class=\"elementor-heading-title elementor-size-default\"><li><b><u>Instalaci\u00f3n y mejora del alumbrado:<\/b><\/u> Estamos especializados en iluminaci\u00f3n para estadios, aparcamientos, edificios exteriores, espacios comerciales, oficinas y propiedades residenciales.<\/li>\n<li><b><u>Se\u00f1alizaci\u00f3n exterior:<\/b><\/u> Nuestra experiencia se extiende a la se\u00f1alizaci\u00f3n el\u00e9ctrica, incluidas las pantallas digitales din\u00e1micas.<\/li>\n<li><b><u>Estaciones de recarga de veh\u00edculos el\u00e9ctricos:<\/b><\/u> Dise\u00f1amos, instalamos y mantenemos estaciones de recarga para empresas, instituciones y viviendas.<\/li>\n<li><b><u>Almacenamiento\/resguardo y optimizaci\u00f3n de la energ\u00eda:<\/b><\/u> Ofrecemos soluciones para instalaciones de energ\u00eda\/solar y mejoras de la eficiencia energ\u00e9tica.<\/li>\n<li><b><u>Servicios el\u00e9ctricos:<\/b><\/u> Nuestros electricistas cualificados se encargan de una amplia gama de proyectos el\u00e9ctricos, desde actualizaciones de cuadros hasta instalaciones de grandes equipos.<\/li>\n<\/span>\t\t\t\t<\/div>\n\t\t\t\t<\/div>\n\t\t\t\t<\/div>\n\t\t\t\t<\/div>\n\t\t\t\t<\/div>","protected":false},"excerpt":{"rendered":"<p>Acerca de nosotros CalWest - Su socio el\u00e9ctrico y HVAC de confianza en el condado de Los \u00c1ngeles y el condado de Orange Somos CalWest Lighting Services, Inc, una licencia, en condiciones de servidumbre, y el contratista el\u00e9ctrico asegurado con m\u00e1s de 30 a\u00f1os de experiencia. Fundada por la Sra. Lucy Garc\u00eda en 1995, nuestra empresa se especializa en iluminaci\u00f3n comercial, industrial y residencial, [...]<\/p>","protected":false},"author":1,"featured_media":0,"parent":0,"menu_order":0,"comment_status":"closed","ping_status":"closed","template":"elementor_header_footer","meta":{"footnotes":""},"class_list":["post-460","page","type-page","status-publish","hentry"],"jetpack_sharing_enabled":true,"_links":{"self":[{"href":"https:\/\/thecalwest.com\/es\/wp-json\/wp\/v2\/pages\/460"}],"collection":[{"href":"https:\/\/thecalwest.com\/es\/wp-json\/wp\/v2\/pages"}],"about":[{"href":"https:\/\/thecalwest.com\/es\/wp-json\/wp\/v2\/types\/page"}],"author":[{"embeddable":true,"href":"https:\/\/thecalwest.com\/es\/wp-json\/wp\/v2\/users\/1"}],"replies":[{"embeddable":true,"href":"https:\/\/thecalwest.com\/es\/wp-json\/wp\/v2\/comments?post=460"}],"version-history":[{"count":85,"href":"https:\/\/thecalwest.com\/es\/wp-json\/wp\/v2\/pages\/460\/revisions"}],"predecessor-version":[{"id":4679,"href":"https:\/\/thecalwest.com\/es\/wp-json\/wp\/v2\/pages\/460\/revisions\/4679"}],"wp:attachment":[{"href":"https:\/\/thecalwest.com\/es\/wp-json\/wp\/v2\/media?parent=460"}],"curies":[{"name":"wp","href":"https:\/\/api.w.org\/{rel}","templated":true}]}}